{"id":1195,"date":"2020-06-06T11:45:39","date_gmt":"2020-06-06T11:45:39","guid":{"rendered":"http:\/\/redhost:8888\/soulkitchen\/?page_id=1195"},"modified":"2025-08-27T22:35:52","modified_gmt":"2025-08-27T22:35:52","slug":"faq","status":"publish","type":"page","link":"https:\/\/distracted-darwin.136-243-168-66.plesk.page\/index.php\/faq\/","title":{"rendered":"FAQ"},"content":{"rendered":"\n<div class=\"wp-block-media-text alignfull is-stacked-on-mobile\"><figure class=\"wp-block-media-text__media\"><img loading=\"lazy\" decoding=\"async\" width=\"683\" height=\"1024\" src=\"https:\/\/distracted-darwin.136-243-168-66.plesk.page\/wp-content\/uploads\/2025\/08\/36-683x1024.jpg\" alt=\"\" class=\"wp-image-13149 size-full\" srcset=\"https:\/\/distracted-darwin.136-243-168-66.plesk.page\/wp-content\/uploads\/2025\/08\/36-683x1024.jpg 683w, https:\/\/distracted-darwin.136-243-168-66.plesk.page\/wp-content\/uploads\/2025\/08\/36-200x300.jpg 200w, https:\/\/distracted-darwin.136-243-168-66.plesk.page\/wp-content\/uploads\/2025\/08\/36-768x1152.jpg 768w, https:\/\/distracted-darwin.136-243-168-66.plesk.page\/wp-content\/uploads\/2025\/08\/36-1024x1536.jpg 1024w, https:\/\/distracted-darwin.136-243-168-66.plesk.page\/wp-content\/uploads\/2025\/08\/36-800x1200.jpg 800w, https:\/\/distracted-darwin.136-243-168-66.plesk.page\/wp-content\/uploads\/2025\/08\/36-560x840.jpg 560w, https:\/\/distracted-darwin.136-243-168-66.plesk.page\/wp-content\/uploads\/2025\/08\/36-870x1305.jpg 870w, https:\/\/distracted-darwin.136-243-168-66.plesk.page\/wp-content\/uploads\/2025\/08\/36.jpg 1155w\" sizes=\"auto, (max-width: 683px) 100vw, 683px\" \/><\/figure><div class=\"wp-block-media-text__content\">\n<p class=\"question\" style=\"font-size:18px\"><strong>Q: <strong><strong>Ile trwa dostawa zam\u00f3wienia?<\/strong><\/strong><\/strong><\/p>\n\n\n\n<p class=\"answer\">A: Dostawa trwa od 2 do 5 dni roboczych, w zale\u017cno\u015bci od kraju dostawy. Dostarczamy do wszystkich kraj\u00f3w UE.<\/p>\n\n\n\n<p class=\"question\" style=\"font-size:18px\"><strong>Q: <strong><strong>Czy s\u0105 dost\u0119pne specjalne warunki dla zam\u00f3wie\u0144 hurtowych?<\/strong><\/strong><\/strong><\/p>\n\n\n\n<p class=\"answer\">A: Mo\u017cliwe s\u0105 specjalne warunki oraz sta\u0142a wsp\u00f3\u0142praca dla restaurator\u00f3w oraz cukiernik\u00f3w. Prosimy o <a href=\"\/index.php\/kontakt\/\">kontakt <\/a>w celu ustalenia szczeg\u00f3\u0142\u00f3w.<\/p>\n\n\n\n<p class=\"question\" style=\"font-size:18px\"><strong>Q: <strong><strong>Jak rozpozna\u0107 wanili\u0119 premium?<\/strong><\/strong><\/strong><\/p>\n\n\n\n<p class=\"answer\">A: Wygl\u0105d: gi\u0119tka, mi\u0119sista, ciemna<br>Aromat: z\u0142o\u017cony, naturalny, zostaje na d\u0142oniach<br>Pochodzenie: region SAVA, Madagaskar<br>Wilgotno\u015b\u0107: 30\u201335%<br>Ziarna: tysi\u0105ce czarnych, b\u0142yszcz\u0105cych ziaren<\/p>\n\n\n\n<p class=\"question\" style=\"font-size:18px\"><strong>Q: <strong>Dlaczego wanilia jest droga?<\/strong><\/strong><\/p>\n\n\n\n<p class=\"answer\">A: R\u0119czne zapylanie orchidei kwitn\u0105cej 1 dzie\u0144 w roku<br>9\u201312 miesi\u0119cy produkcji<br>Zmiany klimatu wp\u0142ywaj\u0105ce na zbiory<br>R\u0119czna selekcja lasek<br>Globalny popyt przy ograniczonej poda\u017cy<\/p>\n\n\n\n<p class=\"question\" style=\"font-size:18px\"><strong>Q: <strong>Gdzie znale\u017a\u0107 regulamin zam\u00f3wie\u0144?<\/strong><\/strong><\/p>\n\n\n\n<p class=\"answer\">A: Zapraszamy do zapoznania si\u0119 z regulaminem na stronie <a href=\"https:\/\/distracted-darwin.136-243-168-66.plesk.page\/index.php\/regulamin-strony\/\">https:\/\/distracted-darwin.136-243-168-66.plesk.page\/index.php\/regulamin-strony\/<\/a><\/p>\n<\/div><\/div>\n","protected":false},"excerpt":{"rendered":"Q: Ile trwa dostawa zam\u00f3wienia? A: Dostawa trwa od 2 do 5","protected":false},"author":1,"featured_media":0,"parent":0,"menu_order":38,"comment_status":"closed","ping_status":"closed","template":"","meta":{"footnotes":""},"class_list":["post-1195","page","type-page","status-publish","hentry"],"_links":{"self":[{"href":"https:\/\/distracted-darwin.136-243-168-66.plesk.page\/index.php\/wp-json\/wp\/v2\/pages\/1195","targetHints":{"allow":["GET"]}}],"collection":[{"href":"https:\/\/distracted-darwin.136-243-168-66.plesk.page\/index.php\/wp-json\/wp\/v2\/pages"}],"about":[{"href":"https:\/\/distracted-darwin.136-243-168-66.plesk.page\/index.php\/wp-json\/wp\/v2\/types\/page"}],"author":[{"embeddable":true,"href":"https:\/\/distracted-darwin.136-243-168-66.plesk.page\/index.php\/wp-json\/wp\/v2\/users\/1"}],"replies":[{"embeddable":true,"href":"https:\/\/distracted-darwin.136-243-168-66.plesk.page\/index.php\/wp-json\/wp\/v2\/comments?post=1195"}],"version-history":[{"count":12,"href":"https:\/\/distracted-darwin.136-243-168-66.plesk.page\/index.php\/wp-json\/wp\/v2\/pages\/1195\/revisions"}],"predecessor-version":[{"id":13158,"href":"https:\/\/distracted-darwin.136-243-168-66.plesk.page\/index.php\/wp-json\/wp\/v2\/pages\/1195\/revisions\/13158"}],"wp:attachment":[{"href":"https:\/\/distracted-darwin.136-243-168-66.plesk.page\/index.php\/wp-json\/wp\/v2\/media?parent=1195"}],"curies":[{"name":"wp","href":"https:\/\/api.w.org\/{rel}","templated":true}]}}