{"id":1305,"date":"2020-06-14T12:08:23","date_gmt":"2020-06-14T12:08:23","guid":{"rendered":"http:\/\/redhost:8888\/soulkitchen\/?page_id=1305"},"modified":"2025-08-27T20:03:36","modified_gmt":"2025-08-27T20:03:36","slug":"o-nas","status":"publish","type":"page","link":"https:\/\/distracted-darwin.136-243-168-66.plesk.page\/index.php\/o-nas\/","title":{"rendered":"O nas"},"content":{"rendered":"\n\t<section id=\"contentboxes-mb-block-af7a691d-f93b-4d18-9327-ffea8c29f277\" class=\"section section-contentboxes  alignfull \">\n\n\t\t<div class=\"contentboxes-wrap none\"  >\n\t\t\t\t\t<div class=\"contentboxes-masonry \">\n\n\t\t\t\t<div class=\"grid-sizer-contentboxes\"><\/div>\n\n\t\t\t\t\n\t\t\t\t<div class=\"content-box- contentboxes-image-wrap bg-color half-width one-and-a-half-height mobile-uncropped   content-white no-vertical-text has-content cb-mobile-content-leave cb-mobile-content-vertical-leave    \"  data-aos=\"fade-up\" data-aos-delay=\"100\"   style=\"order:2\"  >\n\n\t\t\t\t\t<div class=\"contentboxes-image-wrap-inner\">\n\n\t\t\t\t\t\n\t\t\t\t\t\t<div class=\"contentboxes-zoom-wrap \">\n\t\t\t\t\t\t\n\t\t\t\t\t\t\n\t\t\t\t\t\t\n\t\t\t\t\t\t\t<div class=\"contentboxes-content-wrap centered-content contentboxes-content-center contentboxes-content-middle\"  style=\"background-color: #171817\"  >\n\n\t\t\t\t\t\t\t\t\t\t\t\t\t\t\t\t<div class=\"contentboxes-content section-content\">\n\t\t\t\t\t\t\t\t\t\t\t\t\t\t\t\t\t\t\t\t\t\t\t\t\t\t\t\t<div class=\"contentboxes-content-item contentboxes-subtitle subtitle-above use-body-font\"  data-aos=\"fade-down\" data-aos-delay=\"100\"  >Prawdziwy smak zaczyna si\u0119 od najlepszych sk\u0142adnik\u00f3w. Tym w\u0142a\u015bnie jest nasza wanilia.<\/div>\n\t\t\t\t\t\t\t\t\t\t\t\t\t\t\t\t\t\t\t\t\t\t\t\t\t                \t<h1  class=\"contentboxes-content-item contentboxes-title\"  data-aos=\"slide-up\"  >O nas<\/h1>\n\t\t\t\t\t\t\t                \t\t\t\t\t\t\t                \t\t\t\t\t\t\t                \t\t\t\t\t\t\t                \t<div class=\"contentboxes-content-item contentboxes-text\"  data-aos=\"fade-right\" data-aos-delay=\"340\"  >Jeste\u015bmy par\u0105, kt\u00f3r\u0105 po\u0142\u0105czy\u0142a mi\u0142o\u015b\u0107 do doskona\u0142ego smaku. Razem z \u017con\u0105, kt\u00f3ra dzieli pasj\u0119 do wyj\u0105tkowej kuchni, postanowili\u015bmy sprowadzi\u0107 wanili\u0119, kt\u00f3rej sami u\u017cywamy i kt\u00f3rej ufamy. Naturalna, intensywna, pe\u0142na aromatu \u2013 wanilia, kt\u00f3ra robi r\u00f3\u017cnic\u0119.\r\n<br><br>\r\nJako szef kuchni zawsze kierowa\u0142em si\u0119 jedn\u0105 zasad\u0105: \u201cJako\u015b\u0107 ponad wszystko\u201d. Pracuj\u0105c w cukierni w restauracji The Fat Duck w Bray w Wielkiej Brytanii, mia\u0142em okazj\u0119 pozna\u0107 sk\u0142adniki, kt\u00f3re zmieniaj\u0105 postrzeganie smaku. Jednym z nich by\u0142a wanilia \u2013 nie ta zwyczajna, ale esencja doskona\u0142o\u015bci, g\u0142\u0119boka, z\u0142o\u017cona, o aromacie, kt\u00f3ry zostaje w pami\u0119ci. Lody waniliowe u Hestona Blumenthala, kt\u00f3rych skosztowali\u015bmy na kolacji pierwszy raz, by\u0142y waniliow\u0105 eksplozj\u0105.\r\n<br><br>\r\nTo do\u015bwiadczenie sprawi\u0142o, \u017ce zacz\u0105\u0142em zg\u0142\u0119bia\u0107 jej pochodzenie, odmiany i procesy dojrzewania. Podr\u00f3\u017cowa\u0142em, testowa\u0142em i szuka\u0142em \u017ar\u00f3de\u0142, kt\u00f3re dostarczaj\u0105 wanilii na najwy\u017cszym poziomie \u2013 takiej, jak\u0105 zna\u0142em z najlepszych restauracji \u015bwiata.\r\n<br><br>\r\nDzi\u015b wsp\u00f3lnie z Marlen\u0105, kt\u00f3ra jest mi\u0142o\u015bniczk\u0105 dobrego jedzenia, zajmujemy si\u0119 jej importem do Europy, by inni kucharze i cukiernicy mogli pracowa\u0107 z surowcem, kt\u00f3ry nie jest kompromisem, lecz najwy\u017cszym standardem, a w swoich restauracjach i cukierniach mogli cz\u0119stowa\u0107 go\u015bci smako\u0142ykami wzbogaconymi wanili\u0105, kt\u00f3ra jest najlepszej jako\u015bci na \u015bwiecie.\r\n<\/div>\n\t\t\t\t\t\t\t                \t\t\t\t\t\t\t                \t\t\t\t\t\t        \t<\/div>\n\t\t\t\t\t\t        \t\n\t\t\t\t\t\t\t\t\t\t\t\t\t\n\t\t\t\t\t\t<\/div>\n\t\t\t\t\t<\/div>\n\t\t\t\t\t<\/div>\n\n\t\t\t\t\t\t   \t \n\t\t\t\t<\/div>\n\t\t\t\t\t\n\t\t\t\n\t\t\t\t<div class=\"content-box-13075 contentboxes-image-wrap bg-image half-width one-and-a-half-height mobile-uncropped   content-white no-vertical-text no-content cb-mobile-content-leave cb-mobile-content-vertical-leave    \"  data-aos=\"fade-up\" data-aos-delay=\"200\"   style=\"order:1\"  >\n\n\t\t\t\t\t<div class=\"contentboxes-image-wrap-inner\">\n\n\t\t\t\t\t\n\t\t\t\t\t\t<div class=\"contentboxes-zoom-wrap \">\n\t\t\t\t\t\t\n\t\t\t\t\t\t\t\t\t\t\t\t\t<div class=\"contentboxbgimage\" style=\"background-image: url(https:\/\/distracted-darwin.136-243-168-66.plesk.page\/wp-content\/uploads\/2025\/07\/razembiale.jpg);\"><\/div> \n\t\t\t\t\t\t\t\t\t\t\t\t<div class=\"contentbox-overlay   gradient-contentboxes-content-middle\" >\n\t\t\t\t\t\t\n\t\t\t\t\t\t\t<div class=\"contentboxes-content-wrap centered-content contentboxes-content-center contentboxes-content-middle\"  >\n\n\t\t\t\t\t\t\t\t\n\t\t\t\t\t\t\t\t\t\t\t\t\t\t<\/div>\n\t\t\t\t\t\t\t\t\t\t\t\t\t\n\t\t\t\t\t\t<\/div>\n\t\t\t\t\t<\/div>\n\t\t\t\t\t<\/div>\n\n\t\t\t\t\t\t   \t \n\t\t\t\t<\/div>\n\t\t\t\t\t\n\t\t\t\t\t\t<\/div>\n\t\t\t\t<\/div>\n\n\t<\/section> \n\n\n\n\n\t<section id=\"madagaskar\" class=\"section section-contentboxes backgroundtop alignfull \">\n\n\t\t<div class=\"contentboxes-wrap none\"  >\n\t\t\t\t\t<div class=\"contentboxes-masonry \">\n\n\t\t\t\t<div class=\"grid-sizer-contentboxes\"><\/div>\n\n\t\t\t\t\n\t\t\t\t<div class=\"content-box-12968 contentboxes-image-wrap bg-image half-width square mobile-uncropped   content-dark no-vertical-text no-content cb-mobile-content-leave cb-mobile-content-vertical-leave    \"  data-aos=\"fade-up\" data-aos-delay=\"100\"   >\n\n\t\t\t\t\t<div class=\"contentboxes-image-wrap-inner\">\n\n\t\t\t\t\t\n\t\t\t\t\t\t<div class=\"contentboxes-zoom-wrap \">\n\t\t\t\t\t\t\n\t\t\t\t\t\t\t\t\t\t\t\t\t<div class=\"contentboxbgimage\" style=\"background-image: url(https:\/\/distracted-darwin.136-243-168-66.plesk.page\/wp-content\/uploads\/2025\/05\/wanilia-straki-na-drzewie.jpg);\"><\/div> \n\t\t\t\t\t\t\t\t\t\t\t\t<div class=\"contentbox-overlay   gradient-contentboxes-content-middle\" >\n\t\t\t\t\t\t\n\t\t\t\t\t\t\t<div class=\"contentboxes-content-wrap centered-content contentboxes-content-center contentboxes-content-middle\"  >\n\n\t\t\t\t\t\t\t\t\n\t\t\t\t\t\t\t\t\t\t\t\t\t\t<\/div>\n\t\t\t\t\t\t\t\t\t\t\t\t\t\n\t\t\t\t\t\t<\/div>\n\t\t\t\t\t<\/div>\n\t\t\t\t\t<\/div>\n\n\t\t\t\t\t\t   \t \n\t\t\t\t<\/div>\n\t\t\t\t\t\n\t\t\t\n\t\t\t\t<div class=\"content-box- contentboxes-image-wrap bg-none half-width square mobile-uncropped    no-vertical-text has-content cb-mobile-content-center cb-mobile-content-vertical-leave    \"  data-aos=\"fade-up\" data-aos-delay=\"200\"   >\n\n\t\t\t\t\t<div class=\"contentboxes-image-wrap-inner\">\n\n\t\t\t\t\t\n\t\t\t\t\t\t<div class=\"contentboxes-zoom-wrap \">\n\t\t\t\t\t\t\n\t\t\t\t\t\t\n\t\t\t\t\t\t\n\t\t\t\t\t\t\t<div class=\"contentboxes-content-wrap centered-content contentboxes-content-left contentboxes-content-middle\"  >\n\n\t\t\t\t\t\t\t\t\t\t\t\t\t\t\t\t<div class=\"contentboxes-content section-content\">\n\t\t\t\t\t\t\t\t\t\t\t\t\t\t\t\t\t\t\t\t\t\t\t\t\t\t\t\t\t\t\t\t\t\t                \t<h2  class=\"contentboxes-content-item contentboxes-title\"  data-aos=\"slide-up\"  >Dlaczego<em> Madagaskar<\/em><\/h2>\n\t\t\t\t\t\t\t                \t\t\t\t\t\t\t                \t\t\t\t\t\t\t                \t\t\t\t\t\t\t                \t<div class=\"contentboxes-content-item contentboxes-text\"  data-aos=\"fade-right\" data-aos-delay=\"340\"  >Region SAVA (Sambava\u2013Antalaha\u2013Vohemar\u2013Andapa) to \u015bwiatowe centrum wanilii Bourbon:\r\n<ul><li>Idealne warunki klimatyczne: ciep\u0142o, wilgotno\u015b\u0107 i bogata gleba<\/li>\r\n<li>R\u0119czne zapylanie i tradycyjna fermentacja<\/li>\r\n<li>Plantacje rodzinne, kt\u00f3rych jako\u015b\u0107 przekazywana jest z pokolenia na pokolenie<\/li><\/ul>\r\nDlaczego warto?\r\n<ul><li>80% wanilii na \u015bwiecie pochodzi z Madagaskaru \u2013 ale tylko 10% z niej to wanilia klasy premium<\/li>\r\n<li>My sprowadzamy wy\u0142\u0105cznie najwy\u017csz\u0105 klas\u0119<\/li><\/ul><\/div>\n\t\t\t\t\t\t\t                \t\t\t\t\t\t\t                \t\t\t\t\t\t        \t<\/div>\n\t\t\t\t\t\t        \t\n\t\t\t\t\t\t\t\t\t\t\t\t\t\n\t\t\t\t\t\t<\/div>\n\t\t\t\t\t<\/div>\n\t\t\t\t\t<\/div>\n\n\t\t\t\t\t\t   \t \n\t\t\t\t<\/div>\n\t\t\t\t\t\n\t\t\t\t\t\t<\/div>\n\t\t\t\t<\/div>\n\n\t<\/section> \n\n","protected":false},"excerpt":{"rendered":"","protected":false},"author":1,"featured_media":0,"parent":0,"menu_order":27,"comment_status":"closed","ping_status":"closed","template":"","meta":{"footnotes":""},"class_list":["post-1305","page","type-page","status-publish","hentry"],"_links":{"self":[{"href":"https:\/\/distracted-darwin.136-243-168-66.plesk.page\/index.php\/wp-json\/wp\/v2\/pages\/1305","targetHints":{"allow":["GET"]}}],"collection":[{"href":"https:\/\/distracted-darwin.136-243-168-66.plesk.page\/index.php\/wp-json\/wp\/v2\/pages"}],"about":[{"href":"https:\/\/distracted-darwin.136-243-168-66.plesk.page\/index.php\/wp-json\/wp\/v2\/types\/page"}],"author":[{"embeddable":true,"href":"https:\/\/distracted-darwin.136-243-168-66.plesk.page\/index.php\/wp-json\/wp\/v2\/users\/1"}],"replies":[{"embeddable":true,"href":"https:\/\/distracted-darwin.136-243-168-66.plesk.page\/index.php\/wp-json\/wp\/v2\/comments?post=1305"}],"version-history":[{"count":5,"href":"https:\/\/distracted-darwin.136-243-168-66.plesk.page\/index.php\/wp-json\/wp\/v2\/pages\/1305\/revisions"}],"predecessor-version":[{"id":13136,"href":"https:\/\/distracted-darwin.136-243-168-66.plesk.page\/index.php\/wp-json\/wp\/v2\/pages\/1305\/revisions\/13136"}],"wp:attachment":[{"href":"https:\/\/distracted-darwin.136-243-168-66.plesk.page\/index.php\/wp-json\/wp\/v2\/media?parent=1305"}],"curies":[{"name":"wp","href":"https:\/\/api.w.org\/{rel}","templated":true}]}}