{"id":12951,"date":"2025-05-24T09:40:21","date_gmt":"2025-05-24T09:40:21","guid":{"rendered":"https:\/\/distracted-darwin.136-243-168-66.plesk.page\/?post_type=product&#038;p=12951"},"modified":"2025-07-12T17:32:23","modified_gmt":"2025-07-12T17:32:23","slug":"laski-wanilii-25g","status":"publish","type":"product","link":"https:\/\/distracted-darwin.136-243-168-66.plesk.page\/index.php\/product\/laski-wanilii-25g\/","title":{"rendered":"Laski wanilii, 25g"},"content":{"rendered":"<p>Laski wanilii s\u0105 pakowane pr\u00f3\u017cniowo w celu zachowania wilgotno\u015bci i uniemo\u017cliwienia ulatniania si\u0119 waniliny. Minimalizujemy maksymalnie plastik. Wanilia po zabezpieczeniu barierowym jest pakowana w biodegradowalne kartonowe opakowania.<\/p>\n","protected":false},"excerpt":{"rendered":"Ca\u0142e laski wanilii klasy premium, opakowanie 25g","protected":false},"featured_media":12952,"comment_status":"open","ping_status":"closed","template":"","meta":[],"product_brand":[],"product_cat":[92],"product_tag":[],"class_list":{"0":"post-12951","1":"product","2":"type-product","3":"status-publish","4":"has-post-thumbnail","6":"product_cat-laski-wanilii","8":"first","9":"instock","10":"taxable","11":"shipping-taxable","12":"purchasable","13":"product-type-simple"},"_links":{"self":[{"href":"https:\/\/distracted-darwin.136-243-168-66.plesk.page\/index.php\/wp-json\/wp\/v2\/product\/12951","targetHints":{"allow":["GET"]}}],"collection":[{"href":"https:\/\/distracted-darwin.136-243-168-66.plesk.page\/index.php\/wp-json\/wp\/v2\/product"}],"about":[{"href":"https:\/\/distracted-darwin.136-243-168-66.plesk.page\/index.php\/wp-json\/wp\/v2\/types\/product"}],"replies":[{"embeddable":true,"href":"https:\/\/distracted-darwin.136-243-168-66.plesk.page\/index.php\/wp-json\/wp\/v2\/comments?post=12951"}],"wp:featuredmedia":[{"embeddable":true,"href":"https:\/\/distracted-darwin.136-243-168-66.plesk.page\/index.php\/wp-json\/wp\/v2\/media\/12952"}],"wp:attachment":[{"href":"https:\/\/distracted-darwin.136-243-168-66.plesk.page\/index.php\/wp-json\/wp\/v2\/media?parent=12951"}],"wp:term":[{"taxonomy":"product_brand","embeddable":true,"href":"https:\/\/distracted-darwin.136-243-168-66.plesk.page\/index.php\/wp-json\/wp\/v2\/product_brand?post=12951"},{"taxonomy":"product_cat","embeddable":true,"href":"https:\/\/distracted-darwin.136-243-168-66.plesk.page\/index.php\/wp-json\/wp\/v2\/product_cat?post=12951"},{"taxonomy":"product_tag","embeddable":true,"href":"https:\/\/distracted-darwin.136-243-168-66.plesk.page\/index.php\/wp-json\/wp\/v2\/product_tag?post=12951"}],"curies":[{"name":"wp","href":"https:\/\/api.w.org\/{rel}","templated":true}]}}