{"id":13121,"date":"2025-07-12T18:07:40","date_gmt":"2025-07-12T18:07:40","guid":{"rendered":"https:\/\/distracted-darwin.136-243-168-66.plesk.page\/?post_type=product&#038;p=13121"},"modified":"2025-08-27T21:57:46","modified_gmt":"2025-08-27T21:57:46","slug":"pasta-waniliowa-120g","status":"publish","type":"product","link":"https:\/\/distracted-darwin.136-243-168-66.plesk.page\/index.php\/product\/pasta-waniliowa-120g\/","title":{"rendered":"Pasta waniliowa, 120g"},"content":{"rendered":"<p>Pasta waniliowa Royal Vanilla to produkt klasy premium, stworzony z najwy\u017cszej jako\u015bci wanilii bourbon \u2013 planifolia. Nasza pasta zawiera a\u017c 40% wanilii, co gwarantuje intensywny, naturalny aromat. Dzi\u0119ki dodatkowi cukru trzcinowego i wody, pasta ma doskona\u0142\u0105 konsystencj\u0119 i jest gotowa do u\u017cycia od razu \u2013 zar\u00f3wno na zimno, jak i na ciep\u0142o. Produkt nale\u017cy przechowywa\u0107 w lod\u00f3wce.<\/p>\n","protected":false},"excerpt":{"rendered":"Pasta waniliowa Royal Vanilla, 40% wanilii","protected":false},"featured_media":13145,"comment_status":"open","ping_status":"closed","template":"","meta":[],"product_brand":[],"product_cat":[96],"product_tag":[],"class_list":{"0":"post-13121","1":"product","2":"type-product","3":"status-publish","4":"has-post-thumbnail","6":"product_cat-pasty","8":"first","9":"instock","10":"taxable","11":"shipping-taxable","12":"purchasable","13":"product-type-simple"},"_links":{"self":[{"href":"https:\/\/distracted-darwin.136-243-168-66.plesk.page\/index.php\/wp-json\/wp\/v2\/product\/13121","targetHints":{"allow":["GET"]}}],"collection":[{"href":"https:\/\/distracted-darwin.136-243-168-66.plesk.page\/index.php\/wp-json\/wp\/v2\/product"}],"about":[{"href":"https:\/\/distracted-darwin.136-243-168-66.plesk.page\/index.php\/wp-json\/wp\/v2\/types\/product"}],"replies":[{"embeddable":true,"href":"https:\/\/distracted-darwin.136-243-168-66.plesk.page\/index.php\/wp-json\/wp\/v2\/comments?post=13121"}],"wp:featuredmedia":[{"embeddable":true,"href":"https:\/\/distracted-darwin.136-243-168-66.plesk.page\/index.php\/wp-json\/wp\/v2\/media\/13145"}],"wp:attachment":[{"href":"https:\/\/distracted-darwin.136-243-168-66.plesk.page\/index.php\/wp-json\/wp\/v2\/media?parent=13121"}],"wp:term":[{"taxonomy":"product_brand","embeddable":true,"href":"https:\/\/distracted-darwin.136-243-168-66.plesk.page\/index.php\/wp-json\/wp\/v2\/product_brand?post=13121"},{"taxonomy":"product_cat","embeddable":true,"href":"https:\/\/distracted-darwin.136-243-168-66.plesk.page\/index.php\/wp-json\/wp\/v2\/product_cat?post=13121"},{"taxonomy":"product_tag","embeddable":true,"href":"https:\/\/distracted-darwin.136-243-168-66.plesk.page\/index.php\/wp-json\/wp\/v2\/product_tag?post=13121"}],"curies":[{"name":"wp","href":"https:\/\/api.w.org\/{rel}","templated":true}]}}